{"id":1497,"date":"2026-01-13T19:40:55","date_gmt":"2026-01-13T22:40:55","guid":{"rendered":"https:\/\/braziliantribune.com.br\/news\/?page_id=1497"},"modified":"2026-01-13T19:40:56","modified_gmt":"2026-01-13T22:40:56","slug":"fale-conosco-ou-envie-uma-materia","status":"publish","type":"page","link":"https:\/\/braziliantribune.com.br\/news\/fale-conosco-ou-envie-uma-materia\/","title":{"rendered":"Fale conosco ou envie uma mat\u00e9ria"},"content":{"rendered":"\n<h3 class=\"wp-block-heading\">Quer enviar uma mat\u00e9ria ou conversar algum assunto conosco<\/h3>\n\n\n\n<p><a href=\"https:\/\/www.facebook.com\/braziliantribune\" data-type=\"link\" data-id=\"https:\/\/www.facebook.com\/braziliantribune\" target=\"_blank\" rel=\"noreferrer noopener\">Clique nesse link e voc\u00ea ser\u00e1 redirecionado<\/a><\/p>\n\n\n\n<p><\/p>\n","protected":false},"excerpt":{"rendered":"<p>Quer enviar uma mat\u00e9ria ou conversar algum assunto conosco Clique nesse link e voc\u00ea ser\u00e1<\/p>\n","protected":false},"author":1,"featured_media":0,"parent":0,"menu_order":0,"comment_status":"closed","ping_status":"closed","template":"","meta":{"footnotes":""},"class_list":["post-1497","page","type-page","status-publish","hentry"],"_links":{"self":[{"href":"https:\/\/braziliantribune.com.br\/news\/wp-json\/wp\/v2\/pages\/1497","targetHints":{"allow":["GET"]}}],"collection":[{"href":"https:\/\/braziliantribune.com.br\/news\/wp-json\/wp\/v2\/pages"}],"about":[{"href":"https:\/\/braziliantribune.com.br\/news\/wp-json\/wp\/v2\/types\/page"}],"author":[{"embeddable":true,"href":"https:\/\/braziliantribune.com.br\/news\/wp-json\/wp\/v2\/users\/1"}],"replies":[{"embeddable":true,"href":"https:\/\/braziliantribune.com.br\/news\/wp-json\/wp\/v2\/comments?post=1497"}],"version-history":[{"count":1,"href":"https:\/\/braziliantribune.com.br\/news\/wp-json\/wp\/v2\/pages\/1497\/revisions"}],"predecessor-version":[{"id":1498,"href":"https:\/\/braziliantribune.com.br\/news\/wp-json\/wp\/v2\/pages\/1497\/revisions\/1498"}],"wp:attachment":[{"href":"https:\/\/braziliantribune.com.br\/news\/wp-json\/wp\/v2\/media?parent=1497"}],"curies":[{"name":"wp","href":"https:\/\/api.w.org\/{rel}","templated":true}]}}