{"id":1279,"date":"2020-04-29T14:32:56","date_gmt":"2020-04-29T14:32:56","guid":{"rendered":"https:\/\/braziliantribune.com\/news\/?page_id=1279"},"modified":"2026-01-13T19:29:13","modified_gmt":"2026-01-13T22:29:13","slug":"nossos-valores","status":"publish","type":"page","link":"https:\/\/braziliantribune.com.br\/news\/nossos-valores\/","title":{"rendered":"Nossos Valores"},"content":{"rendered":"\n<h3 class=\"wp-block-heading\">NOSSA MISS\u00c3O<\/h3>\n\n\n\n<p>Produzir informa\u00e7\u00e3o e com credibilidade, transpar\u00eancia, qualidade, baseadas nos princ\u00edpios editoriais como a independ\u00eancia, esp\u00edrito cr\u00edtico, pluralismo e apartidarismo, &nbsp;de forma que contribua para o aprimoramento da informa\u00e7\u00e3o p\u00fablica e melhora da cidadania.<\/p>\n\n\n\n<h3 class=\"wp-block-heading\">NOSSA VIS\u00c3O<\/h3>\n\n\n\n<p>Consolidar-se como um ve\u00edculo de informa\u00e7\u00e3o para brasileiros no Brasil e brasileiros residentes nos Estados Unidos.<\/p>\n\n\n\n<h3 class=\"wp-block-heading\">NOSSOS PRINC\u00cdPIOS E VALORES<\/h3>\n\n\n\n<p>Independ\u00eancia econ\u00f4mica e editorial<\/p>\n\n\n\n<p>Compromisso com o leitor<\/p>\n\n\n\n<h3 class=\"wp-block-heading\">\u00c9tica<\/h3>\n\n\n\n<p>Defesa da liberdade de express\u00e3o<\/p>\n\n\n\n<p>Defesa da livre iniciativa<\/p>\n\n\n\n<p>Respeito \u00e0 diversidade<\/p>\n\n\n\n<h3 class=\"wp-block-heading\">NOSSOS EDITORES E COLUNISTAS<\/h3>\n\n\n\n<p><a href=\"https:\/\/braziliantribune.com.br\/news\/expediente\/\">Clique aqui e conhe\u00e7a nossos editores e colunistas<\/a><\/p>\n","protected":false},"excerpt":{"rendered":"<p>NOSSA MISS\u00c3O Produzir informa\u00e7\u00e3o e com credibilidade, transpar\u00eancia, qualidade, baseadas nos princ\u00edpios editoriais como a<\/p>\n","protected":false},"author":1,"featured_media":0,"parent":0,"menu_order":0,"comment_status":"closed","ping_status":"closed","template":"","meta":{"footnotes":""},"class_list":["post-1279","page","type-page","status-publish","hentry"],"_links":{"self":[{"href":"https:\/\/braziliantribune.com.br\/news\/wp-json\/wp\/v2\/pages\/1279","targetHints":{"allow":["GET"]}}],"collection":[{"href":"https:\/\/braziliantribune.com.br\/news\/wp-json\/wp\/v2\/pages"}],"about":[{"href":"https:\/\/braziliantribune.com.br\/news\/wp-json\/wp\/v2\/types\/page"}],"author":[{"embeddable":true,"href":"https:\/\/braziliantribune.com.br\/news\/wp-json\/wp\/v2\/users\/1"}],"replies":[{"embeddable":true,"href":"https:\/\/braziliantribune.com.br\/news\/wp-json\/wp\/v2\/comments?post=1279"}],"version-history":[{"count":2,"href":"https:\/\/braziliantribune.com.br\/news\/wp-json\/wp\/v2\/pages\/1279\/revisions"}],"predecessor-version":[{"id":1493,"href":"https:\/\/braziliantribune.com.br\/news\/wp-json\/wp\/v2\/pages\/1279\/revisions\/1493"}],"wp:attachment":[{"href":"https:\/\/braziliantribune.com.br\/news\/wp-json\/wp\/v2\/media?parent=1279"}],"curies":[{"name":"wp","href":"https:\/\/api.w.org\/{rel}","templated":true}]}}