{"id":1272,"date":"2020-04-29T14:24:48","date_gmt":"2020-04-29T14:24:48","guid":{"rendered":"https:\/\/braziliantribune.com\/news\/?page_id=1272"},"modified":"2026-01-13T19:35:04","modified_gmt":"2026-01-13T22:35:04","slug":"expediente","status":"publish","type":"page","link":"https:\/\/braziliantribune.com.br\/news\/expediente\/","title":{"rendered":"Expediente"},"content":{"rendered":"\n<h3 class=\"wp-block-heading\"><img loading=\"lazy\" decoding=\"async\" class=\" size-full wp-image-75\" src=\"https:\/\/braziliantribune.com\/news\/wp-content\/uploads\/2015\/06\/brasil-eua.jpg\" alt=\"\" width=\"374\" height=\"201\" srcset=\"https:\/\/braziliantribune.com.br\/news\/wp-content\/uploads\/2015\/06\/brasil-eua.jpg 610w, https:\/\/braziliantribune.com.br\/news\/wp-content\/uploads\/2015\/06\/brasil-eua-300x161.jpg 300w\" sizes=\"auto, (max-width: 374px) 100vw, 374px\" \/><\/h3>\n\n\n\n<h3 class=\"wp-block-heading\">INFORMA\u00c7\u00c3O DIRETA E TRANSPARENTE PARA VOC\u00ca<\/h3>\n\n\n\n<p>Fundado em Junho \/ 2015<\/p>\n\n\n\n<h3 class=\"wp-block-heading\">Fale com a reda\u00e7\u00e3o<\/h3>\n\n\n\n<p><a href=\"https:\/\/www.facebook.com\/braziliantribune\" target=\"_blank\" rel=\"noreferrer noopener\">Para falar com reda\u00e7\u00e3o utilize o formul\u00e1rio clicando aqui<\/a><\/p>\n\n\n\n<h3 class=\"wp-block-heading\">REPORTER(es) e COLABORADOR(es)<\/h3>\n\n\n\n<figure class=\"wp-block-table\"><table><tbody><tr><td><strong>Richard Valdivia<br>\n<\/strong><\/td><td><strong>&nbsp;&#8211; <\/strong>Editor Executivo de reportagem<\/td><\/tr><tr><td><\/td><td>&nbsp;&#8211; Diretor de Marketing e Divulga\u00e7\u00e3o<\/td><\/tr><\/tbody><\/table><\/figure>\n\n\n\n<h3 class=\"wp-block-heading\">ESCRIT\u00d3RIOS REGIONAIS<\/h3>\n\n\n\n<p>S\u00e3o Paulo \/ SP &#8211; Brasil<br>Nova Yorque \/ NYC &#8211; NY<\/p>\n\n\n\n<h3 class=\"wp-block-heading\">TECNOLOGIA E WEB DESIGN<\/h3>\n\n\n\n<p><\/p>\n","protected":false},"excerpt":{"rendered":"<p>INFORMA\u00c7\u00c3O DIRETA E TRANSPARENTE PARA VOC\u00ca Fundado em Junho \/ 2015 Fale com a reda\u00e7\u00e3o<\/p>\n","protected":false},"author":1,"featured_media":0,"parent":0,"menu_order":0,"comment_status":"closed","ping_status":"closed","template":"","meta":{"footnotes":""},"class_list":["post-1272","page","type-page","status-publish","hentry"],"_links":{"self":[{"href":"https:\/\/braziliantribune.com.br\/news\/wp-json\/wp\/v2\/pages\/1272","targetHints":{"allow":["GET"]}}],"collection":[{"href":"https:\/\/braziliantribune.com.br\/news\/wp-json\/wp\/v2\/pages"}],"about":[{"href":"https:\/\/braziliantribune.com.br\/news\/wp-json\/wp\/v2\/types\/page"}],"author":[{"embeddable":true,"href":"https:\/\/braziliantribune.com.br\/news\/wp-json\/wp\/v2\/users\/1"}],"replies":[{"embeddable":true,"href":"https:\/\/braziliantribune.com.br\/news\/wp-json\/wp\/v2\/comments?post=1272"}],"version-history":[{"count":3,"href":"https:\/\/braziliantribune.com.br\/news\/wp-json\/wp\/v2\/pages\/1272\/revisions"}],"predecessor-version":[{"id":1496,"href":"https:\/\/braziliantribune.com.br\/news\/wp-json\/wp\/v2\/pages\/1272\/revisions\/1496"}],"wp:attachment":[{"href":"https:\/\/braziliantribune.com.br\/news\/wp-json\/wp\/v2\/media?parent=1272"}],"curies":[{"name":"wp","href":"https:\/\/api.w.org\/{rel}","templated":true}]}}